{"id":104,"date":"2018-07-12T17:05:01","date_gmt":"2018-07-12T20:05:01","guid":{"rendered":"http:\/\/reapodere.unilab.edu.br\/?page_id=104"},"modified":"2022-01-31T22:06:46","modified_gmt":"2022-02-01T01:06:46","slug":"acoes-e-eventos","status":"publish","type":"page","link":"https:\/\/reapodere.unilab.edu.br\/index.php\/acoes-e-eventos\/","title":{"rendered":"A\u00e7\u00f5es e Eventos"},"content":{"rendered":"\t\t<div data-elementor-type=\"wp-page\" data-elementor-id=\"104\" class=\"elementor elementor-104\">\n\t\t\t\t\t\t<section class=\"elementor-section elementor-top-section elementor-element elementor-element-3a48eef6 elementor-section-boxed elementor-section-height-default elementor-section-height-default\" data-id=\"3a48eef6\" data-element_type=\"section\" data-e-type=\"section\">\n\t\t\t\t\t\t<div class=\"elementor-container elementor-column-gap-default\">\n\t\t\t\t\t<div class=\"elementor-column elementor-col-100 elementor-top-column elementor-element elementor-element-360453a1\" data-id=\"360453a1\" data-element_type=\"column\" data-e-type=\"column\">\n\t\t\t<div class=\"elementor-widget-wrap elementor-element-populated\">\n\t\t\t\t\t\t<div class=\"elementor-element elementor-element-60fd71de elementor-widget elementor-widget-text-editor\" data-id=\"60fd71de\" data-element_type=\"widget\" data-e-type=\"widget\" data-widget_type=\"text-editor.default\">\n\t\t\t\t<div class=\"elementor-widget-container\">\n\t\t\t\t\t\t\t\t\t<p><\/p>\n<p><strong><span class=\"has-inline-color has-luminous-vivid-orange-color\">Ciranda de Paulo Freire<\/span><\/strong><\/p>\n<p><\/p>\n<p><\/p>\n<p>O projeto de extens\u00e3o Afrodita no seu evento \u201cIII Ciranda de Paulo Freire\u201d, junto com seus monitores, promoveu uma oficina com o t\u00edtulo \u201cAprender a brincar, brincando\u201d, cujo tinha como intuito despertar o brincar e a imagina\u00e7\u00e3o das pessoas residentes da comunidade da Estrada Velha, Acarape-CE. \u00a0Nessa a\u00e7\u00e3o esteve presente o Rede de Estudos e Afrontamentos das Pobrezas, Discrimina\u00e7\u00f5es e Resist\u00eancias, um aliado que ajudou a fazer com que a\u00e7\u00e3o tenha sido conclu\u00edda com sucesso. A atividade foi realizada no espa\u00e7o a c\u00e9u aberto, na rua que fazia liga\u00e7\u00e3o com as demais outras ruas, de baixo de uma arvore de grande sombra.<\/p>\n<p><\/p>\n<p><\/p>\n<p>Foram desenvolvidas brincadeiras como pular corda junto com as can\u00e7\u00f5es aprendidas da regi\u00e3o, o jogo com as bilas chamada \u201ctriangulo\u201d, a oficina de pintura com papeis of\u00edcios e da cartolina, em um modo mais compartilhado, e a brincadeira com o el\u00e1stico.<\/p>\n<p><\/p>\n<p><\/p>\n<p><strong><span class=\"has-inline-color has-luminous-vivid-orange-color\">Edi\u00e7\u00f5es do Natal<\/span><\/strong><\/p>\n<p><\/p>\n<p><\/p>\n<p>Nossa inser\u00e7\u00e3o na comunidade da Estrada Velha ocorreu em 2016, atrav\u00e9s da III Ciranda de Paulo Freire. As festividades de natal aconteceram nos anos de 2017, 2018 e 2019, na pr\u00f3pria comunidade. Contamos com a ajuda dos moradores para irmos construindo juntos o evento. S\u00e3o cedidos espa\u00e7os e casas para guardarmos os lanches e roupas que arrecadamos durante dois meses antes de dezembro. A rede faz as divulga\u00e7\u00f5es nas redes sociais, ruas, com\u00e9rcios de Reden\u00e7\u00e3o e Acarape e na universidade.<\/p>\n<p><\/p>\n<p><\/p>\n<p>Nestas edi\u00e7\u00f5es, tivemos apresenta\u00e7\u00f5es culturais, como as bandas da Unilab e o grupo de dan\u00e7a formado pelas meninas da comunidade, As Afrontosas. E tamb\u00e9m contamos com atividades dos professores da universidade com as crian\u00e7as. O nome do evento Natal da Fam\u00edlia Estrada Velha, foi dado pelos pr\u00f3prios moradores, como uma forma de demonstrar a uni\u00e3o entre eles.<\/p>\n<p><\/p>\n<p><\/p>\n<p><strong><span class=\"has-inline-color has-luminous-vivid-orange-color\">Mutir\u00e3o da sa\u00fade<\/span><\/strong><\/p>\n<p><\/p>\n<p><\/p>\n<p>O mutir\u00e3o da sa\u00fade aconteceu em novembro de 2018, na comunidade. Contamos com a parceria do grupo da enfermagem da Unilab, que levaram e auxiliaram nos exames de medi\u00e7\u00e3o de press\u00e3o, peso, testes de glicose e idas as casas dos moradores para explicar sobre a import\u00e2ncia dos exames na unidade de sa\u00fade.<\/p>\n<p><\/p>\n<p><\/p>\n<p>Esse momento era uma demanda dos moradores, pois tinham a preocupa\u00e7\u00e3o com a sa\u00fade, principalmente, das crian\u00e7as. Eles cederam os espa\u00e7os de suas casas para que os estudantes de enfermagem pudessem fazer os procedimentos. Foi um momento em que a comunidade se reuniu para estarem presentes e atentos a pr\u00f3pria sa\u00fade.<\/p>\n<p><\/p>\t\t\t\t\t\t\t\t<\/div>\n\t\t\t\t<\/div>\n\t\t\t\t\t<\/div>\n\t\t<\/div>\n\t\t\t\t\t<\/div>\n\t\t<\/section>\n\t\t\t\t<\/div>\n\t\t","protected":false},"excerpt":{"rendered":"<p>Ciranda de Paulo Freire O projeto de extens\u00e3o Afrodita no seu evento \u201cIII Ciranda de Paulo Freire\u201d, junto com seus monitores, promoveu uma oficina com o t\u00edtulo \u201cAprender a brincar, brincando\u201d, cujo tinha como intuito despertar o brincar e a imagina\u00e7\u00e3o das pessoas residentes da comunidade da Estrada Velha, Acarape-CE. \u00a0Nessa a\u00e7\u00e3o esteve presente o [&hellip;]<\/p>\n","protected":false},"author":1,"featured_media":0,"parent":0,"menu_order":4,"comment_status":"closed","ping_status":"closed","template":"","meta":{"footnotes":""},"class_list":["post-104","page","type-page","status-publish","hentry"],"_links":{"self":[{"href":"https:\/\/reapodere.unilab.edu.br\/index.php\/wp-json\/wp\/v2\/pages\/104","targetHints":{"allow":["GET"]}}],"collection":[{"href":"https:\/\/reapodere.unilab.edu.br\/index.php\/wp-json\/wp\/v2\/pages"}],"about":[{"href":"https:\/\/reapodere.unilab.edu.br\/index.php\/wp-json\/wp\/v2\/types\/page"}],"author":[{"embeddable":true,"href":"https:\/\/reapodere.unilab.edu.br\/index.php\/wp-json\/wp\/v2\/users\/1"}],"replies":[{"embeddable":true,"href":"https:\/\/reapodere.unilab.edu.br\/index.php\/wp-json\/wp\/v2\/comments?post=104"}],"version-history":[{"count":13,"href":"https:\/\/reapodere.unilab.edu.br\/index.php\/wp-json\/wp\/v2\/pages\/104\/revisions"}],"predecessor-version":[{"id":858,"href":"https:\/\/reapodere.unilab.edu.br\/index.php\/wp-json\/wp\/v2\/pages\/104\/revisions\/858"}],"wp:attachment":[{"href":"https:\/\/reapodere.unilab.edu.br\/index.php\/wp-json\/wp\/v2\/media?parent=104"}],"curies":[{"name":"wp","href":"https:\/\/api.w.org\/{rel}","templated":true}]}}