{"id":158,"date":"2018-07-12T17:47:25","date_gmt":"2018-07-12T20:47:25","guid":{"rendered":"http:\/\/reapodere.unilab.edu.br\/?page_id=158"},"modified":"2022-05-29T18:10:28","modified_gmt":"2022-05-29T21:10:28","slug":"formacao","status":"publish","type":"page","link":"https:\/\/reapodere.unilab.edu.br\/index.php\/ensino\/formacao\/","title":{"rendered":"Forma\u00e7\u00e3o"},"content":{"rendered":"\r\n<p style=\"text-align: center;\">Forma\u00e7\u00e3o com Orientadores Sociais do Centro de Refer\u00eancia de Assist\u00eancia Social (CRAS) de Reden\u00e7\u00e3o<\/p>\r\n\r\n\r\n\r\n<div class=\"wp-block-image\" style=\"text-align: center;\">\r\n<figure class=\"aligncenter\"><img fetchpriority=\"high\" decoding=\"async\" width=\"300\" height=\"224\" class=\"wp-image-265\" src=\"https:\/\/reapodere.unilab.edu.br\/wp-content\/uploads\/2018\/11\/hkjhkj-300x224.jpg\" alt=\"\" srcset=\"https:\/\/reapodere.unilab.edu.br\/wp-content\/uploads\/2018\/11\/hkjhkj-300x224.jpg 300w, https:\/\/reapodere.unilab.edu.br\/wp-content\/uploads\/2018\/11\/hkjhkj.jpg 719w\" sizes=\"(max-width: 300px) 100vw, 300px\" \/><\/figure>\r\n<\/div>\r\n\r\n\r\n\r\n<p style=\"text-align: center;\">A frente do Centro Comunit\u00e1rio surgiu da parceria entre o Centro de Referencia de Assist\u00eancia Social \u2013CRAS\u2013 de Reden\u00e7\u00e3o e a Rede de Estudos e Afrontamentos das Pobrezas, Discrimina\u00e7\u00f5es e Resist\u00eancias. Inicialmente foi realizada uma forma\u00e7\u00e3o sobre o processo de inser\u00e7\u00e3o comunit\u00e1ria,, na qual eram apontados alguns cuidados e procedimentos no processo de inser\u00e7\u00e3o. A forma\u00e7\u00e3o contou com a colabora\u00e7\u00e3o de alguns extensionistas, na qual com partilharam suas experi\u00eancias e elucidaram d\u00favidas dos orientadores sociais referentes ao campo e a execu\u00e7\u00e3o a inser\u00e7\u00e3o.<\/p>\r\n\r\n\r\n\r\n<p style=\"text-align: center;\">A forma\u00e7\u00e3o contou com momentos pr\u00e1ticos com a possibilidade de aproximar o orientador a vivencia das atividades realizadas dentro das comunidades, como por exemplo, aplica\u00e7\u00e3o de question\u00e1rio, reconhecimento de ruas e de lideres comunit\u00e1rios na comunidade, mapeamento da mesma, e visitas a alguns moradores da comunidade.<\/p>\r\n\r\n\r\n\r\n<p style=\"text-align: center;\">Atualmente a reaPODERE e o CRAS estar no processo de inser\u00e7\u00e3o na comunidade do Centro comunit\u00e1rio, com o objetivo de reconhecer os moradores, de falar sobre as futuras visitas a comunidade e assim criar e potencializar v\u00ednculos. E das poss\u00edveis a\u00e7\u00f5es a serem realizadas entre os extencionistas da reaPODERE e dos orientadores Sociais do CRAS.<\/p>\r\n\r\n\r\n\r\n<p style=\"text-align: center;\">A inser\u00e7\u00e3o a Comunidade se deu em virtude da pesquisa Sentido de Comunidade dos indiv\u00edduos em situa\u00e7\u00e3o de pobreza no Maci\u00e7o de Baturit\u00e9, Essa pesquisa faz parte de um estudo internacional, envolvendo al\u00e9m do Brasil; a Col\u00f4mbia, Chile, Porto Rico e M\u00e9xico. No entanto, este projeto refere-se somente ao contexto brasileiro, mais precisamente o Maci\u00e7o de Baturit\u00e9. Com o intuito de compreender o sentido de comunidade em cen\u00e1rios locais em situa\u00e7\u00e3o de pobreza, tendo em vista que, \u00e9 dever da Universidade P\u00fablica apontar essas situa\u00e7\u00f5es e propor estrat\u00e9gias alternativas de atua\u00e7\u00e3o. Assim, fomenta-se, uma forma\u00e7\u00e3o em pesquisa cientificamente amparada e criticamente estruturada.<\/p>\r\n","protected":false},"excerpt":{"rendered":"<p>Forma\u00e7\u00e3o com Orientadores Sociais do Centro de Refer\u00eancia de Assist\u00eancia Social (CRAS) de Reden\u00e7\u00e3o A frente do Centro Comunit\u00e1rio surgiu da parceria entre o Centro de Referencia de Assist\u00eancia Social \u2013CRAS\u2013 de Reden\u00e7\u00e3o e a Rede de Estudos e Afrontamentos das Pobrezas, Discrimina\u00e7\u00f5es e Resist\u00eancias. Inicialmente foi realizada uma forma\u00e7\u00e3o sobre o processo de inser\u00e7\u00e3o [&hellip;]<\/p>\n","protected":false},"author":1,"featured_media":0,"parent":98,"menu_order":0,"comment_status":"closed","ping_status":"closed","template":"","meta":{"footnotes":""},"class_list":["post-158","page","type-page","status-publish","hentry"],"_links":{"self":[{"href":"https:\/\/reapodere.unilab.edu.br\/index.php\/wp-json\/wp\/v2\/pages\/158","targetHints":{"allow":["GET"]}}],"collection":[{"href":"https:\/\/reapodere.unilab.edu.br\/index.php\/wp-json\/wp\/v2\/pages"}],"about":[{"href":"https:\/\/reapodere.unilab.edu.br\/index.php\/wp-json\/wp\/v2\/types\/page"}],"author":[{"embeddable":true,"href":"https:\/\/reapodere.unilab.edu.br\/index.php\/wp-json\/wp\/v2\/users\/1"}],"replies":[{"embeddable":true,"href":"https:\/\/reapodere.unilab.edu.br\/index.php\/wp-json\/wp\/v2\/comments?post=158"}],"version-history":[{"count":3,"href":"https:\/\/reapodere.unilab.edu.br\/index.php\/wp-json\/wp\/v2\/pages\/158\/revisions"}],"predecessor-version":[{"id":1083,"href":"https:\/\/reapodere.unilab.edu.br\/index.php\/wp-json\/wp\/v2\/pages\/158\/revisions\/1083"}],"up":[{"embeddable":true,"href":"https:\/\/reapodere.unilab.edu.br\/index.php\/wp-json\/wp\/v2\/pages\/98"}],"wp:attachment":[{"href":"https:\/\/reapodere.unilab.edu.br\/index.php\/wp-json\/wp\/v2\/media?parent=158"}],"curies":[{"name":"wp","href":"https:\/\/api.w.org\/{rel}","templated":true}]}}