{"id":162,"date":"2018-07-12T17:47:50","date_gmt":"2018-07-12T20:47:50","guid":{"rendered":"http:\/\/reapodere.unilab.edu.br\/?page_id=162"},"modified":"2020-08-31T19:04:54","modified_gmt":"2020-08-31T22:04:54","slug":"atividades-em-desenvolvidas","status":"publish","type":"page","link":"https:\/\/reapodere.unilab.edu.br\/index.php\/ensino\/atividades-em-desenvolvidas\/","title":{"rendered":"Atividades desenvolvidas"},"content":{"rendered":"<h3><span style=\"color: #ff6600;\"><strong>Grupo de Estudos: Abordagem Comunit\u00e1ria- perspectivas interdisciplinares<\/strong> (2020)<\/span><\/h3>\n<p>O curso sobre sobre <em>Abordagem comunit\u00e1ria- perspectivas interdisciplinares<\/em> tem como objetivo<\/p>\n\n\n<div class=\"wp-block-image\"><figure class=\"aligncenter size-large is-resized\"><img fetchpriority=\"high\" decoding=\"async\" src=\"https:\/\/reapodere.unilab.edu.br\/wp-content\/uploads\/2020\/08\/Screenshot_2-1.png\" alt=\"\" class=\"wp-image-574\" width=\"385\" height=\"384\" srcset=\"https:\/\/reapodere.unilab.edu.br\/wp-content\/uploads\/2020\/08\/Screenshot_2-1.png 602w, https:\/\/reapodere.unilab.edu.br\/wp-content\/uploads\/2020\/08\/Screenshot_2-1-300x300.png 300w, https:\/\/reapodere.unilab.edu.br\/wp-content\/uploads\/2020\/08\/Screenshot_2-1-150x150.png 150w, https:\/\/reapodere.unilab.edu.br\/wp-content\/uploads\/2020\/08\/Screenshot_2-1-70x70.png 70w, https:\/\/reapodere.unilab.edu.br\/wp-content\/uploads\/2020\/08\/Screenshot_2-1-246x246.png 246w, https:\/\/reapodere.unilab.edu.br\/wp-content\/uploads\/2020\/08\/Screenshot_2-1-276x276.png 276w, https:\/\/reapodere.unilab.edu.br\/wp-content\/uploads\/2020\/08\/Screenshot_2-1-125x125.png 125w\" sizes=\"(max-width: 385px) 100vw, 385px\" \/><\/figure><\/div>\n\n\n\n<h3 class=\"wp-block-heading\"><span class=\"has-inline-color has-luminous-vivid-orange-color\">Grupo de Estudos: Interseccionalidades &#8211; teoria e pr\u00e1tica (2018)<\/span><\/h3>\n\n\n\n<p>A proposta do curso \u00e9 promover um espa\u00e7o de reflex\u00e3o e debate extra sala de aula, agregando teoria e pr\u00e1tica.<\/p>\n\n\n\n<div class=\"wp-block-columns is-layout-flex wp-container-core-columns-is-layout-28f84493 wp-block-columns-is-layout-flex\">\n<div class=\"wp-block-column is-layout-flow wp-block-column-is-layout-flow\">\n<figure class=\"wp-block-image size-medium\"><img decoding=\"async\" width=\"239\" height=\"300\" src=\"https:\/\/reapodere.unilab.edu.br\/wp-content\/uploads\/2020\/08\/Screenshot_4-239x300.png\" alt=\"\" class=\"wp-image-579\" srcset=\"https:\/\/reapodere.unilab.edu.br\/wp-content\/uploads\/2020\/08\/Screenshot_4-239x300.png 239w, https:\/\/reapodere.unilab.edu.br\/wp-content\/uploads\/2020\/08\/Screenshot_4.png 478w\" sizes=\"(max-width: 239px) 100vw, 239px\" \/><\/figure>\n<\/div>\n\n\n\n<div class=\"wp-block-column is-layout-flow wp-block-column-is-layout-flow\">\n<div class=\"wp-block-image\"><figure class=\"alignleft size-medium\"><img decoding=\"async\" width=\"241\" height=\"300\" src=\"https:\/\/reapodere.unilab.edu.br\/wp-content\/uploads\/2020\/08\/Screenshot_3-1-241x300.png\" alt=\"\" class=\"wp-image-577\" srcset=\"https:\/\/reapodere.unilab.edu.br\/wp-content\/uploads\/2020\/08\/Screenshot_3-1-241x300.png 241w, https:\/\/reapodere.unilab.edu.br\/wp-content\/uploads\/2020\/08\/Screenshot_3-1.png 478w\" sizes=\"(max-width: 241px) 100vw, 241px\" \/><\/figure><\/div>\n<\/div>\n<\/div>\n\n\n\n<h3 class=\"wp-block-heading\"><span class=\"has-inline-color has-luminous-vivid-orange-color\">Grupo de Estudo: Pol\u00edticas P\u00fablicas<\/span> <span class=\"has-inline-color has-luminous-vivid-orange-color\">(20??)<\/span><\/h3>\n\n\n\n<p>O primeiro curso ofertado<\/p>\n","protected":false},"excerpt":{"rendered":"<p>Grupo de Estudos: Abordagem Comunit\u00e1ria- perspectivas interdisciplinares (2020) O curso sobre sobre Abordagem comunit\u00e1ria- perspectivas interdisciplinares tem como objetivo Grupo de Estudos: Interseccionalidades &#8211; teoria e pr\u00e1tica (2018) A proposta do curso \u00e9 promover um espa\u00e7o de reflex\u00e3o e debate extra sala de aula, agregando teoria e pr\u00e1tica. Grupo de Estudo: Pol\u00edticas P\u00fablicas (20??) O [&hellip;]<\/p>\n","protected":false},"author":1,"featured_media":0,"parent":98,"menu_order":0,"comment_status":"closed","ping_status":"closed","template":"","meta":{"footnotes":""},"class_list":["post-162","page","type-page","status-publish","hentry"],"_links":{"self":[{"href":"https:\/\/reapodere.unilab.edu.br\/index.php\/wp-json\/wp\/v2\/pages\/162","targetHints":{"allow":["GET"]}}],"collection":[{"href":"https:\/\/reapodere.unilab.edu.br\/index.php\/wp-json\/wp\/v2\/pages"}],"about":[{"href":"https:\/\/reapodere.unilab.edu.br\/index.php\/wp-json\/wp\/v2\/types\/page"}],"author":[{"embeddable":true,"href":"https:\/\/reapodere.unilab.edu.br\/index.php\/wp-json\/wp\/v2\/users\/1"}],"replies":[{"embeddable":true,"href":"https:\/\/reapodere.unilab.edu.br\/index.php\/wp-json\/wp\/v2\/comments?post=162"}],"version-history":[{"count":12,"href":"https:\/\/reapodere.unilab.edu.br\/index.php\/wp-json\/wp\/v2\/pages\/162\/revisions"}],"predecessor-version":[{"id":635,"href":"https:\/\/reapodere.unilab.edu.br\/index.php\/wp-json\/wp\/v2\/pages\/162\/revisions\/635"}],"up":[{"embeddable":true,"href":"https:\/\/reapodere.unilab.edu.br\/index.php\/wp-json\/wp\/v2\/pages\/98"}],"wp:attachment":[{"href":"https:\/\/reapodere.unilab.edu.br\/index.php\/wp-json\/wp\/v2\/media?parent=162"}],"curies":[{"name":"wp","href":"https:\/\/api.w.org\/{rel}","templated":true}]}}