{"id":164,"date":"2018-07-12T17:48:36","date_gmt":"2018-07-12T20:48:36","guid":{"rendered":"http:\/\/reapodere.unilab.edu.br\/?page_id=164"},"modified":"2020-09-30T10:09:03","modified_gmt":"2020-09-30T13:09:03","slug":"areas-linhas-de-pesquisa","status":"publish","type":"page","link":"https:\/\/reapodere.unilab.edu.br\/index.php\/reapodere\/pesquisa\/areas-linhas-de-pesquisa\/","title":{"rendered":"\u00c1reas\/Linhas de pesquisa"},"content":{"rendered":"\n<p>\u00a0A rede se constitui a partir da articula\u00e7\u00e3o cr\u00edtica da extens\u00e3o universit\u00e1ria, do ensino e da pesquisa com foco em territ\u00f3rios perif\u00e9ricos vinculados \u00e0 situa\u00e7\u00e3o de pobreza e sua interlocu\u00e7\u00e3o as pol\u00edticas p\u00fablicas. Tem a perspectiva decolonial, territorizalizada e interseccional de produ\u00e7\u00e3o de conhecimento com fins de romper com a din\u00e2mica de domina\u00e7\u00e3o alinhadas por meio da classe, ra\u00e7a, g\u00eanero e territ\u00f3rios. Enfocando o compromisso social com a transforma\u00e7\u00e3o da realidade, utiliza delineamentos metodol\u00f3gicos qualitativos, quantitativos, mistos e participativos. A reaPODERE difunde seus conhecimentos por meio da produ\u00e7\u00e3o de artigos e cap\u00edtulos de livros, da extens\u00e3o universit\u00e1ria, das oficinas, das capacita\u00e7\u00f5es, das palestras e das redes sociais.<\/p>\n\n\n\n<p>A ReaPODERE concentra suas atividades de pesquisa, ensino e extens\u00e3o nas seguintes tem\u00e1ticas:<\/p>\n\n\n\n<ol class=\"wp-block-list\"><li>Espa\u00e7os de prote\u00e7\u00e3o e fortalecimento comunit\u00e1rio nas Pol\u00edticas P\u00fablicas de Assist\u00eancia Social;<\/li><li>Implica\u00e7\u00f5es psicossociais da pobreza multidimensional;<\/li><li>Processos comunit\u00e1rios de resist\u00eancia e afrontamentos interseccionais-decoloniais em territ\u00f3rios perif\u00e9ricos;<\/li><li>Processos interseccionais e coloniais de discrimina\u00e7\u00e3o a partir da articula\u00e7\u00e3o das matrizes de domina\u00e7\u00e3o de classe, ra\u00e7a, g\u00eanero, territ\u00f3rios;<\/li><li>Pr\u00e1ticas de produ\u00e7\u00e3o interseccional-decolonial de Sa\u00fade Mental de popula\u00e7\u00f5es ind\u00edgenas e quilombolas: fatores de risco e de prote\u00e7\u00e3o.<\/li><\/ol>\n\n\n\n<p><\/p>\n","protected":false},"excerpt":{"rendered":"<p>\u00a0A rede se constitui a partir da articula\u00e7\u00e3o cr\u00edtica da extens\u00e3o universit\u00e1ria, do ensino e da pesquisa com foco em territ\u00f3rios perif\u00e9ricos vinculados \u00e0 situa\u00e7\u00e3o de pobreza e sua interlocu\u00e7\u00e3o as pol\u00edticas p\u00fablicas. Tem a perspectiva decolonial, territorizalizada e interseccional de produ\u00e7\u00e3o de conhecimento com fins de romper com a din\u00e2mica de domina\u00e7\u00e3o alinhadas por [&hellip;]<\/p>\n","protected":false},"author":1,"featured_media":0,"parent":100,"menu_order":0,"comment_status":"closed","ping_status":"closed","template":"","meta":{"footnotes":""},"class_list":["post-164","page","type-page","status-publish","hentry"],"_links":{"self":[{"href":"https:\/\/reapodere.unilab.edu.br\/index.php\/wp-json\/wp\/v2\/pages\/164","targetHints":{"allow":["GET"]}}],"collection":[{"href":"https:\/\/reapodere.unilab.edu.br\/index.php\/wp-json\/wp\/v2\/pages"}],"about":[{"href":"https:\/\/reapodere.unilab.edu.br\/index.php\/wp-json\/wp\/v2\/types\/page"}],"author":[{"embeddable":true,"href":"https:\/\/reapodere.unilab.edu.br\/index.php\/wp-json\/wp\/v2\/users\/1"}],"replies":[{"embeddable":true,"href":"https:\/\/reapodere.unilab.edu.br\/index.php\/wp-json\/wp\/v2\/comments?post=164"}],"version-history":[{"count":6,"href":"https:\/\/reapodere.unilab.edu.br\/index.php\/wp-json\/wp\/v2\/pages\/164\/revisions"}],"predecessor-version":[{"id":713,"href":"https:\/\/reapodere.unilab.edu.br\/index.php\/wp-json\/wp\/v2\/pages\/164\/revisions\/713"}],"up":[{"embeddable":true,"href":"https:\/\/reapodere.unilab.edu.br\/index.php\/wp-json\/wp\/v2\/pages\/100"}],"wp:attachment":[{"href":"https:\/\/reapodere.unilab.edu.br\/index.php\/wp-json\/wp\/v2\/media?parent=164"}],"curies":[{"name":"wp","href":"https:\/\/api.w.org\/{rel}","templated":true}]}}