{"id":369,"date":"2020-08-27T14:31:49","date_gmt":"2020-08-27T17:31:49","guid":{"rendered":"http:\/\/reapodere.unilab.edu.br\/?page_id=369"},"modified":"2022-06-01T17:03:56","modified_gmt":"2022-06-01T20:03:56","slug":"dissertacoes","status":"publish","type":"page","link":"https:\/\/reapodere.unilab.edu.br\/index.php\/reapodere\/capitulos-de-livro\/publicacoes\/dissertacoes\/","title":{"rendered":"Disserta\u00e7\u00f5es e Teses"},"content":{"rendered":"\r\n<div class=\"wp-block-file\"><a href=\"https:\/\/reapodere.unilab.edu.br\/wp-content\/uploads\/2020\/08\/2020_dis_vnmalhermebarbosa.pdf\">AS IMPLICA\u00c7\u00d5ES PSICOSSOCIAIS DA POBREZA NA RELA\u00c7\u00c3O ENTRE SENTIDO DE COMUNIDADE E DESIGUALDADES SOCIAIS DE G\u00caNERO NO PARQUE DA LIBERDADE<\/a><a class=\"wp-block-file__button\" href=\"https:\/\/reapodere.unilab.edu.br\/wp-content\/uploads\/2020\/08\/2020_dis_vnmalhermebarbosa.pdf\" download=\"\">Baixar<\/a><\/div>\r\n\r\n\r\n\r\n<div class=\"wp-block-file\"><a href=\"https:\/\/reapodere.unilab.edu.br\/wp-content\/uploads\/2020\/08\/2019_dis_dsalmeidasegundo.pdf\">EXAMINANDO DISPARIDADES NA SENTEN\u00c7A: VIESES E CATEGORIZA\u00c7\u00c3O GRUPAL POR MOTIVA\u00c7\u00d5ES IDEOL\u00d3GICAS E DE PRECONCEITO<\/a><a class=\"wp-block-file__button\" href=\"https:\/\/reapodere.unilab.edu.br\/wp-content\/uploads\/2020\/08\/2019_dis_dsalmeidasegundo.pdf\" download=\"\">Baixar<\/a><\/div>\r\n\r\n\r\n\r\n<p>&nbsp;<\/p>\r\n","protected":false},"excerpt":{"rendered":"<p>&nbsp;<\/p>\n","protected":false},"author":2,"featured_media":0,"parent":756,"menu_order":0,"comment_status":"closed","ping_status":"closed","template":"","meta":{"footnotes":""},"class_list":["post-369","page","type-page","status-publish","hentry"],"_links":{"self":[{"href":"https:\/\/reapodere.unilab.edu.br\/index.php\/wp-json\/wp\/v2\/pages\/369","targetHints":{"allow":["GET"]}}],"collection":[{"href":"https:\/\/reapodere.unilab.edu.br\/index.php\/wp-json\/wp\/v2\/pages"}],"about":[{"href":"https:\/\/reapodere.unilab.edu.br\/index.php\/wp-json\/wp\/v2\/types\/page"}],"author":[{"embeddable":true,"href":"https:\/\/reapodere.unilab.edu.br\/index.php\/wp-json\/wp\/v2\/users\/2"}],"replies":[{"embeddable":true,"href":"https:\/\/reapodere.unilab.edu.br\/index.php\/wp-json\/wp\/v2\/comments?post=369"}],"version-history":[{"count":6,"href":"https:\/\/reapodere.unilab.edu.br\/index.php\/wp-json\/wp\/v2\/pages\/369\/revisions"}],"predecessor-version":[{"id":1100,"href":"https:\/\/reapodere.unilab.edu.br\/index.php\/wp-json\/wp\/v2\/pages\/369\/revisions\/1100"}],"up":[{"embeddable":true,"href":"https:\/\/reapodere.unilab.edu.br\/index.php\/wp-json\/wp\/v2\/pages\/756"}],"wp:attachment":[{"href":"https:\/\/reapodere.unilab.edu.br\/index.php\/wp-json\/wp\/v2\/media?parent=369"}],"curies":[{"name":"wp","href":"https:\/\/api.w.org\/{rel}","templated":true}]}}