{"id":379,"date":"2020-08-27T14:35:02","date_gmt":"2020-08-27T17:35:02","guid":{"rendered":"http:\/\/reapodere.unilab.edu.br\/?page_id=379"},"modified":"2020-08-27T17:06:33","modified_gmt":"2020-08-27T20:06:33","slug":"artigos","status":"publish","type":"page","link":"https:\/\/reapodere.unilab.edu.br\/index.php\/artigos\/","title":{"rendered":"Artigos"},"content":{"rendered":"\n<div class=\"wp-block-file\"><a href=\"https:\/\/reapodere.unilab.edu.br\/wp-content\/uploads\/2020\/08\/v20n48a02.pdf\">Pr\u00e1ticas interseccionais de discrimina\u00e7\u00e3o contra mulheres negras: Um estudo sobre vergonha e humilha\u00e7\u00e3o<\/a><a href=\"https:\/\/reapodere.unilab.edu.br\/wp-content\/uploads\/2020\/08\/v20n48a02.pdf\" class=\"wp-block-file__button\" download>Baixar<\/a><\/div>\n\n\n\n<p><\/p>\n","protected":false},"excerpt":{"rendered":"","protected":false},"author":2,"featured_media":0,"parent":0,"menu_order":0,"comment_status":"closed","ping_status":"closed","template":"","meta":{"footnotes":""},"class_list":["post-379","page","type-page","status-publish","hentry"],"_links":{"self":[{"href":"https:\/\/reapodere.unilab.edu.br\/index.php\/wp-json\/wp\/v2\/pages\/379","targetHints":{"allow":["GET"]}}],"collection":[{"href":"https:\/\/reapodere.unilab.edu.br\/index.php\/wp-json\/wp\/v2\/pages"}],"about":[{"href":"https:\/\/reapodere.unilab.edu.br\/index.php\/wp-json\/wp\/v2\/types\/page"}],"author":[{"embeddable":true,"href":"https:\/\/reapodere.unilab.edu.br\/index.php\/wp-json\/wp\/v2\/users\/2"}],"replies":[{"embeddable":true,"href":"https:\/\/reapodere.unilab.edu.br\/index.php\/wp-json\/wp\/v2\/comments?post=379"}],"version-history":[{"count":2,"href":"https:\/\/reapodere.unilab.edu.br\/index.php\/wp-json\/wp\/v2\/pages\/379\/revisions"}],"predecessor-version":[{"id":500,"href":"https:\/\/reapodere.unilab.edu.br\/index.php\/wp-json\/wp\/v2\/pages\/379\/revisions\/500"}],"wp:attachment":[{"href":"https:\/\/reapodere.unilab.edu.br\/index.php\/wp-json\/wp\/v2\/media?parent=379"}],"curies":[{"name":"wp","href":"https:\/\/api.w.org\/{rel}","templated":true}]}}