{"id":746,"date":"2021-12-01T12:20:39","date_gmt":"2021-12-01T15:20:39","guid":{"rendered":"https:\/\/reapodere.unilab.edu.br\/?page_id=746"},"modified":"2021-12-01T12:21:41","modified_gmt":"2021-12-01T15:21:41","slug":"infancias-reapoderadas","status":"publish","type":"page","link":"https:\/\/reapodere.unilab.edu.br\/index.php\/infancias-reapoderadas\/","title":{"rendered":"Inf\u00e2ncias Reapoderadas"},"content":{"rendered":"<p><span style=\"font-weight: 400;\">Como meio de construir uma universidade mais atuante para al\u00e9m dos muros e poder identificar potencialidades, al\u00e9m de propiciar momentos prazerosos e de conhecimento. Por conseguinte,\u00a0 foi partir da pesquisa e extens\u00e3o, que realizamos um trabalho com tem\u00e1tica sobre trabalho infantil, no qual possibilitou o desenvolvimento de uma nova a\u00e7\u00e3o de extens\u00e3o de contato direto com a comunidade Estrada Velha, localizada em Acarape-CE. Com isto foram organizadas oficinas socioeducativas para as crian\u00e7as da comunidade, iniciando-se em outubro de 2017, por meio da oficina, realizada pelo grupo Afrodita e o reaPODERE, com t\u00edtulo \u201cAprender a brincar, brincando\u201d. A partir deste momento as atividades com as crian\u00e7as, com faixa et\u00e1ria entre dois \u00e0 treze anos, passaram a ocorrer semanalmente, com um vi\u00e9s sempre para atividades l\u00fadicas e\u00a0 socioeducativas, que permitiram a aproxima\u00e7\u00e3o, conhecimento e reflex\u00e3o sobre suas realidades.<\/span><\/p>\n","protected":false},"excerpt":{"rendered":"<p>Como meio de construir uma universidade mais atuante para al\u00e9m dos muros e poder identificar potencialidades, al\u00e9m de propiciar momentos prazerosos e de conhecimento. Por conseguinte,\u00a0 foi partir da pesquisa e extens\u00e3o, que realizamos um trabalho com tem\u00e1tica sobre trabalho infantil, no qual possibilitou o desenvolvimento de uma nova a\u00e7\u00e3o de extens\u00e3o de contato direto [&hellip;]<\/p>\n","protected":false},"author":2,"featured_media":0,"parent":0,"menu_order":2,"comment_status":"closed","ping_status":"closed","template":"","meta":{"footnotes":""},"class_list":["post-746","page","type-page","status-publish","hentry"],"_links":{"self":[{"href":"https:\/\/reapodere.unilab.edu.br\/index.php\/wp-json\/wp\/v2\/pages\/746","targetHints":{"allow":["GET"]}}],"collection":[{"href":"https:\/\/reapodere.unilab.edu.br\/index.php\/wp-json\/wp\/v2\/pages"}],"about":[{"href":"https:\/\/reapodere.unilab.edu.br\/index.php\/wp-json\/wp\/v2\/types\/page"}],"author":[{"embeddable":true,"href":"https:\/\/reapodere.unilab.edu.br\/index.php\/wp-json\/wp\/v2\/users\/2"}],"replies":[{"embeddable":true,"href":"https:\/\/reapodere.unilab.edu.br\/index.php\/wp-json\/wp\/v2\/comments?post=746"}],"version-history":[{"count":1,"href":"https:\/\/reapodere.unilab.edu.br\/index.php\/wp-json\/wp\/v2\/pages\/746\/revisions"}],"predecessor-version":[{"id":747,"href":"https:\/\/reapodere.unilab.edu.br\/index.php\/wp-json\/wp\/v2\/pages\/746\/revisions\/747"}],"wp:attachment":[{"href":"https:\/\/reapodere.unilab.edu.br\/index.php\/wp-json\/wp\/v2\/media?parent=746"}],"curies":[{"name":"wp","href":"https:\/\/api.w.org\/{rel}","templated":true}]}}